{"id":90,"date":"2014-05-12T20:44:41","date_gmt":"2014-05-12T18:44:41","guid":{"rendered":"http:\/\/ski-hartkirchen.com\/?page_id=90"},"modified":"2025-10-17T21:28:10","modified_gmt":"2025-10-17T19:28:10","slug":"erwachsenenskikurs","status":"publish","type":"page","link":"https:\/\/ski-hartkirchen.com\/?page_id=90","title":{"rendered":"Foama Skifoan! &#8211; Erwachsenenkurs"},"content":{"rendered":"<p><span style=\"color: #000000;\">Alte Schw\u00fcnge wieder neu entdecken oder die es irgendwann einmal gelernt und fast wieder vergessen haben, f\u00fcr Neulinge <span class=\"text_exposed_show\">und Pistenst\u00fcrmer.<br \/><\/span><\/span><\/p>\n<h2><span style=\"color: #000000;\"><span class=\"text_exposed_show\"><strong>Foama Skifoan!<\/strong><span class=\"_47e3 _5mfr\" title=\"\u201esmile\u201c-Emoticon\"><br \/><\/span><\/span><\/span><\/h2>\n<div class=\"text_exposed_show\">\n<p><span style=\"color: #000000;\"><br \/>Hier sind alle Daten im \u00dcberblick:<\/span><\/p>\n<\/div>\n<h3><span style=\"color: #000000;\">Samstag 06. Dezember bis Montag 08. Dezember 2025<\/span><\/h3>\n<table>\n<tbody>\n<tr>\n<td style=\"vertical-align: top; text-align: left;\"><span style=\"color: #000000;\">Kursort<\/span><\/td>\n<td style=\"vertical-align: top; text-align: left;\">\n<p class=\"p1\"><span style=\"color: #000000;\">Obertauern<\/span><\/p>\n<\/td>\n<\/tr>\n<tr>\n<td style=\"vertical-align: top; text-align: left;\"><span style=\"color: #000000;\">Unterbringung<\/span><\/td>\n<td style=\"vertical-align: top; text-align: left;\">\n<p class=\"p1\"><span style=\"color: #000000;\">Jugendg\u00e4stehaus Gottschallalm,<br \/>A-5562 Obertauern, Gottschallalmstra\u00dfe<\/span><\/p>\n<\/td>\n<\/tr>\n<tr>\n<td style=\"vertical-align: top; text-align: left;\"><span style=\"color: #000000;\">Pauschalpreis<\/span><\/td>\n<td style=\"vertical-align: top; text-align: left;\"><span style=\"color: #000000;\">460,-<\/span><br \/><span style=\"color: #000000;\"> inkl. Fahrt, Liftticket, Halbpension und 3 Tage Schikurs<\/span><\/td>\n<\/tr>\n<tr>\n<td style=\"vertical-align: top; text-align: left;\"><span style=\"color: #000000;\">Abfahrt<\/span><\/td>\n<td style=\"vertical-align: top; text-align: left;\"><span style=\"color: #000000;\">05.45 Uhr Landesmusikschule Hartkirchen<\/span><\/td>\n<\/tr>\n<\/tbody>\n<\/table>\n<p style=\"color: #2c2c2c;\"><span style=\"color: #000000;\"><strong>Anmeldung:<br \/><\/strong>Anmeldung direkt beim Infostand am <a href=\"https:\/\/ski-hartkirchen.com\/?page_id=1990\">Skibasar<\/a> oder bis sp\u00e4testens 22. November bei David Lindenberger (0664 8383634 bzw. david.lindenberger@a1.net).<\/span><\/p>\n<p style=\"color: #2c2c2c;\"><span style=\"color: #000000;\">Storno: bei Absage nach dem 22.12.2025 m\u00fcssen wir aus organisatorischen Gr\u00fcnden Stornokosten in H\u00f6he der Anzahlung verrechnen sofern der Kurs stattfindet (ausgenommen Krankheit \/ Verletzung mit \u00dcbermittlung eines \u00e4rztlichen Attestes)<\/span><\/p>\n<h3 style=\"color: #2c2c2c;\"><span style=\"color: #000000;\">Bei Anmeldung sind EUR 150,- Anzahlung zu leisten.<br \/>ALLE KURSTEILNEHMER M\u00dcSSEN \u00d6SV MITGLIEDER SEIN!<\/span><\/h3>\n<p style=\"color: #2c2c2c;\"><span style=\"color: #000000; background-color: #ffff00;\">LEITUNG und INFO<\/span><br \/><span style=\"color: #000000; background-color: #ffff00;\">David Lindenberger (0664 8383634) <\/span><\/p>\n\n","protected":false},"excerpt":{"rendered":"<p>Alte Schw\u00fcnge wieder neu entdecken oder die es irgendwann einmal gelernt und fast wieder vergessen haben, f\u00fcr Neulinge und Pistenst\u00fcrmer.<\/p>\n","protected":false},"author":1,"featured_media":0,"parent":18,"menu_order":0,"comment_status":"closed","ping_status":"closed","template":"","meta":{"footnotes":""},"class_list":["post-90","page","type-page","status-publish","hentry"],"_links":{"self":[{"href":"https:\/\/ski-hartkirchen.com\/index.php?rest_route=\/wp\/v2\/pages\/90","targetHints":{"allow":["GET"]}}],"collection":[{"href":"https:\/\/ski-hartkirchen.com\/index.php?rest_route=\/wp\/v2\/pages"}],"about":[{"href":"https:\/\/ski-hartkirchen.com\/index.php?rest_route=\/wp\/v2\/types\/page"}],"author":[{"embeddable":true,"href":"https:\/\/ski-hartkirchen.com\/index.php?rest_route=\/wp\/v2\/users\/1"}],"replies":[{"embeddable":true,"href":"https:\/\/ski-hartkirchen.com\/index.php?rest_route=%2Fwp%2Fv2%2Fcomments&post=90"}],"version-history":[{"count":38,"href":"https:\/\/ski-hartkirchen.com\/index.php?rest_route=\/wp\/v2\/pages\/90\/revisions"}],"predecessor-version":[{"id":3623,"href":"https:\/\/ski-hartkirchen.com\/index.php?rest_route=\/wp\/v2\/pages\/90\/revisions\/3623"}],"up":[{"embeddable":true,"href":"https:\/\/ski-hartkirchen.com\/index.php?rest_route=\/wp\/v2\/pages\/18"}],"wp:attachment":[{"href":"https:\/\/ski-hartkirchen.com\/index.php?rest_route=%2Fwp%2Fv2%2Fmedia&parent=90"}],"curies":[{"name":"wp","href":"https:\/\/api.w.org\/{rel}","templated":true}]}}