{"id":65,"date":"2014-05-12T20:38:58","date_gmt":"2014-05-12T18:38:58","guid":{"rendered":"http:\/\/ski-hartkirchen.com\/?page_id=65"},"modified":"2026-02-08T14:47:33","modified_gmt":"2026-02-08T13:47:33","slug":"brandtner-lifte","status":"publish","type":"page","link":"https:\/\/ski-hartkirchen.com\/?page_id=65","title":{"rendered":"Brandtner Lifte"},"content":{"rendered":"\n<p><\/p>\n\n\n<div dir=\"auto\">\n<p><span style=\"color: #000000;\"><span style=\"background-color: #ffff00;\">Aufgrund der Witterung sind die Brandtner Lifte derzeit geschlossen. \u00c4nderungen werden hier auf unserer Homepage oder auf unseren Social Media Kan\u00e4len bekannt gegeben.<\/span><\/span><\/p>\n<p><strong><span style=\"color: #000000;\"><span style=\"background-color: #ffff00;\">ACHTUNG: nur Barzahlung m\u00f6glich!<\/span><\/span><\/strong><\/p>\n<p class=\"p1\"><span style=\"color: #333333; font-family: Raleway, Helvetica, Arial, sans-serif; font-size: 1.25rem; font-weight: 600;\">Tonbandauskunft \u00fcber Betriebszeiten und Betriebszust\u00e4nde!\u00a0<\/span><\/p>\n<\/div>\n<p><span class=\"s1\" style=\"color: #000000;\">Die Lifthotline ist unter der Nummer 0677 \/ 631 587 32 erreichbar<\/span><\/p>\n<h3>\u00a0<\/h3>\n<h3><span style=\"color: #000000;\"><br \/>Betriebszeiten Heinz Fritz Kinderlift<\/span><\/h3>\n<p><span style=\"color: #000000;\">Montag bis Freitag von 13.00 bis 16.00 Uhr<\/span><br \/><span style=\"color: #000000;\">Samstag und Sonntag und Feiertag von 09.00 bis 12.00 Uhr und von 13.00 bis 16.00 Uhr,<\/span><br \/><span style=\"color: #000000;\">sowie nach Bedarf.<\/span><\/p>\n<h3><span style=\"color: #000000;\">Betriebszeiten SCHLEPPLIFT<\/span><\/h3>\n<p><span style=\"color: #000000;\">Montag bis Freitag von 13.00 bis 16.30 Uhr<\/span><br \/><span style=\"color: #000000;\">Samstag und Sonntag und Feiertag von 09.00 bis 16:30 Uhr<br \/>(Dezember und J\u00e4nner nur bis 16:00)<\/span><\/p>\n<h3><span style=\"color: #000000;\">FLUTLICHTBETRIEB SCHLEPPLIFT<\/span><\/h3>\n<p><span style=\"color: #000000;\">Freitag und Samstag bis 20.00 Uhr <\/span><span style=\"color: #000000;\">DURCHGEHEND.<\/span><\/p>\n<p><span style=\"color: #ff0000;\"><strong>25. 12. KEIN Liftbetrieb!<\/strong><\/span><\/p>\n<hr \/>\n<h3><span style=\"color: #000000;\"><br \/>LIFTPREISE:<\/span><\/h3>\n<table style=\"color: #2c2c2c; width: 100%; height: 429px;\" border=\"1\">\n<tbody>\n<tr style=\"height: 53px;\">\n<td style=\"width: 34.1667%; text-align: left; vertical-align: middle; height: 53px;\" width=\"230\">\n<h3 style=\"color: #0a557c;\"><span style=\"color: #000000;\">SCHLEPPLIFT<\/span><\/h3>\n<\/td>\n<th style=\"height: 53px; width: 65.7144%;\" colspan=\"4\" align=\"center\" width=\"420\">\n<p><span style=\"color: #000000;\">Tag und Abend (bis 20.00 Uhr)<\/span><\/p>\n<\/th>\n<\/tr>\n<tr style=\"height: 49px;\">\n<td style=\"height: 128px; width: 34.1667%;\" rowspan=\"3\"><span style=\"color: #000000;\">\u00a0<\/span><\/td>\n<th style=\"height: 49px; width: 32.8572%;\" colspan=\"2\" align=\"center\" width=\"210\"><span style=\"color: #000000;\">Erwachsene (\u00fcber 15 Jahre)<\/span><\/th>\n<th style=\"height: 49px; width: 32.8572%;\" colspan=\"2\" align=\"center\" width=\"210\"><span style=\"color: #000000;\">Sch\u00fcler (bis 15 Jahre)<\/span><\/th>\n<\/tr>\n<tr style=\"height: 49px;\">\n<td style=\"height: 49px; width: 16.4286%;\" align=\"center\" width=\"105\"><span style=\"color: #000000;\">Normalkarte<\/span><\/td>\n<td style=\"height: 49px; width: 16.4286%;\" align=\"center\" width=\"105\"><span style=\"color: #000000;\">Erm\u00e4ssigte K.*<\/span><\/td>\n<td style=\"height: 49px; width: 16.4286%;\" align=\"center\" width=\"105\"><span style=\"color: #000000;\">Normalkarte<\/span><\/td>\n<td style=\"height: 49px; width: 16.4286%;\" align=\"center\" width=\"105\"><span style=\"color: #000000;\">Erm\u00e4ssigte K.*<\/span><\/td>\n<\/tr>\n<tr style=\"height: 30px;\">\n<td style=\"height: 30px; width: 16.4286%;\" align=\"center\" width=\"105\"><span style=\"color: #000000;\">EURO<\/span><\/td>\n<td style=\"height: 30px; width: 16.4286%;\" align=\"center\" width=\"105\"><span style=\"color: #000000;\">EURO<\/span><\/td>\n<td style=\"height: 30px; width: 16.4286%;\" align=\"center\" width=\"105\"><span style=\"color: #000000;\">EURO<\/span><\/td>\n<td style=\"height: 30px; width: 16.4286%;\" align=\"center\" width=\"105\"><span style=\"color: #000000;\">EURO<\/span><\/td>\n<\/tr>\n<tr style=\"height: 49px;\">\n<td style=\"height: 49px; width: 34.1667%;\"><span style=\"color: #000000;\">Familienkarte (2 Erw. + Kinder)<\/span><\/td>\n<td style=\"height: 49px; width: 16.4286%;\" align=\"center\" width=\"105\"><span style=\"color: #000000;\">43,-<\/span><\/td>\n<td style=\"height: 49px; width: 16.4286%;\" align=\"center\" width=\"105\"><span style=\"color: #000000;\">&#8211;<\/span><\/td>\n<td style=\"height: 49px; width: 16.4286%;\" align=\"center\" width=\"105\"><span style=\"color: #000000;\">&#8211;<\/span><\/td>\n<td style=\"height: 49px; width: 16.4286%;\" align=\"center\" width=\"105\"><span style=\"color: #000000;\">&#8211;<\/span><\/td>\n<\/tr>\n<tr style=\"height: 49px;\">\n<td style=\"height: 49px; width: 34.1667%;\"><span style=\"color: #000000;\">Tageskarte<\/span><\/td>\n<td style=\"height: 49px; width: 16.4286%;\" align=\"center\" width=\"105\"><span style=\"color: #000000;\">21,-<\/span><\/td>\n<td style=\"height: 49px; width: 16.4286%;\" align=\"center\" width=\"105\"><span style=\"color: #000000;\">17,-<\/span><\/td>\n<td style=\"height: 49px; width: 16.4286%;\" align=\"center\" width=\"105\"><span style=\"color: #000000;\">17,-<\/span><\/td>\n<td style=\"height: 49px; width: 16.4286%;\" align=\"center\" width=\"105\"><span style=\"color: #000000;\">14,-<\/span><\/td>\n<\/tr>\n<tr>\n<td style=\"width: 34.1667%;\"><span style=\"color: #000000;\">Abendkarte ab 16.00 Uhr<\/span><\/td>\n<td style=\"width: 16.4286%; text-align: center;\"><span style=\"color: #000000;\">21,-<\/span><\/td>\n<td style=\"height: 49px; width: 16.4286%;\" align=\"center\" width=\"105\"><span style=\"color: #000000;\">17,-<\/span><\/td>\n<td style=\"height: 49px; width: 16.4286%;\" align=\"center\" width=\"105\"><span style=\"color: #000000;\">17,-<\/span><\/td>\n<td style=\"height: 49px; width: 16.4286%;\" align=\"center\" width=\"105\"><span style=\"color: #000000;\">14,-<\/span><\/td>\n<\/tr>\n<tr style=\"height: 30px;\">\n<td style=\"height: 30px; width: 34.1667%;\"><span style=\"color: #000000;\">1 Stunden Karte<\/span><\/td>\n<td style=\"height: 30px; width: 16.4286%;\" align=\"center\" width=\"105\"><span style=\"color: #000000;\">14,-<\/span><\/td>\n<td style=\"height: 30px; width: 16.4286%;\" align=\"center\" width=\"105\"><span style=\"color: #000000;\">11,-<\/span><\/td>\n<td style=\"height: 30px; width: 16.4286%;\" align=\"center\" width=\"105\"><span style=\"color: #000000;\">11,-<\/span><\/td>\n<td style=\"height: 30px; width: 16.4286%;\" align=\"center\" width=\"105\"><span style=\"color: #000000;\">9,-<\/span><\/td>\n<\/tr>\n<tr style=\"height: 30px;\">\n<td style=\"height: 30px; width: 34.1667%;\"><span style=\"color: #000000;\">2 Stunden Karte<\/span><\/td>\n<td style=\"height: 30px; width: 16.4286%;\" align=\"center\" width=\"105\"><span style=\"color: #000000;\">17,-<\/span><\/td>\n<td style=\"height: 30px; width: 16.4286%;\" align=\"center\" width=\"105\"><span style=\"color: #000000;\">14,-<\/span><\/td>\n<td style=\"height: 30px; width: 16.4286%;\" align=\"center\" width=\"105\"><span style=\"color: #000000;\">14,-<\/span><\/td>\n<td style=\"height: 30px; width: 16.4286%;\" align=\"center\" width=\"105\"><span style=\"color: #000000;\">10,-<\/span><\/td>\n<\/tr>\n<tr style=\"height: 30px;\">\n<td style=\"height: 30px; width: 34.1667%;\"><span style=\"color: #000000;\">3 Stunden Karte<\/span><\/td>\n<td style=\"height: 30px; width: 16.4286%;\" align=\"center\" width=\"105\"><span style=\"color: #000000;\">18,-<\/span><\/td>\n<td style=\"height: 30px; width: 16.4286%;\" align=\"center\" width=\"105\"><span style=\"color: #000000;\">15,-<\/span><\/td>\n<td style=\"height: 30px; width: 16.4286%;\" align=\"center\" width=\"105\"><span style=\"color: #000000;\">15,-<\/span><\/td>\n<td style=\"height: 30px; width: 16.4286%;\" align=\"center\" width=\"105\"><span style=\"color: #000000;\">11,-<\/span><\/td>\n<\/tr>\n<tr style=\"height: 30px;\">\n<td style=\"height: 30px; width: 34.1667%;\"><span style=\"color: #000000;\">1 Fahrt<\/span><\/td>\n<td style=\"height: 30px; width: 16.4286%;\" align=\"center\" width=\"105\"><span style=\"color: #000000;\">5,-<\/span><\/td>\n<td style=\"height: 30px; width: 16.4286%;\" align=\"center\" width=\"105\"><span style=\"color: #000000;\">&#8211;<\/span><\/td>\n<td style=\"height: 30px; width: 16.4286%;\" align=\"center\" width=\"105\"><span style=\"color: #000000;\">5,-<\/span><\/td>\n<td style=\"height: 30px; width: 16.4286%;\" align=\"center\" width=\"105\"><span style=\"color: #000000;\">&#8211;<\/span><\/td>\n<\/tr>\n<\/tbody>\n<\/table>\n<p style=\"color: #2c2c2c;\"><span style=\"color: #000000;\">* Kartenpreise f\u00fcr Mitglieder ASV\u00d6 SC Raika Hartkirchen (unter Vorlage des Ausweises),<\/span><br \/><span style=\"color: #000000;\"> Gruppentarif bei Rennen und Training.<\/span><\/p>\n<p style=\"color: #2c2c2c;\"><span style=\"color: #000000;\"><img decoding=\"async\" src=\"file:\/\/\/Users\/ursulawieshofer\/Desktop\/SkiclubAlteHomepage\/pics\/placeholder.png\" alt=\"\" \/><\/span><\/p>\n<table style=\"width: 100%;\">\n<tbody>\n<tr>\n<td style=\"width: 186.552%;\" colspan=\"4\">\n<h3 style=\"color: #0a557c;\"><span style=\"color: #000000;\">HEINZ FRITZ KINDERLIFT<\/span><\/h3>\n<\/td>\n<\/tr>\n<tr>\n<td style=\"width: 45.6897%;\"><span style=\"color: #000000;\">Vormittagskarte<\/span><\/td>\n<td style=\"width: 33.6207%;\"><span style=\"color: #000000;\">\u00a009:00 &#8211; 12:00 Uhr<\/span><\/td>\n<td colspan=\"2\" align=\"center\"><span style=\"color: #000000;\">\u00a0\u20ac 7,-\u00a0<\/span><\/td>\n<\/tr>\n<tr>\n<td style=\"width: 45.6897%;\"><span style=\"color: #000000;\">Nachmittagskarte<\/span><\/td>\n<td style=\"width: 33.6207%;\"><span style=\"color: #000000;\">13:00 &#8211; 16:00 Uhr<\/span><\/td>\n<td style=\"width: 107.241%; text-align: center;\" colspan=\"2\"><span style=\"color: #000000;\">\u00a0\u20ac 7,-\u00a0<\/span><\/td>\n<\/tr>\n<\/tbody>\n<\/table>\n<p><span style=\"color: #000000;\">\u00a0<\/span><\/p>\n<table style=\"color: #2c2c2c; height: 288px; width: 100%;\" border=\"1\" width=\"618\">\n<tbody>\n<tr>\n<td style=\"text-align: left; vertical-align: middle; width: 101.071%;\" colspan=\"6\">\n<h3 style=\"color: #0a557c;\"><span style=\"color: #000000;\">SONDERKARTEN<\/span><\/h3>\n<\/td>\n<\/tr>\n<tr>\n<td style=\"width: 50.8333%;\"><span style=\"color: #000000;\">\u00a0<\/span><\/td>\n<td style=\"width: 24.5238%;\"><span style=\"color: #000000;\"><strong>Erwachsene (\u00fcber 15 Jahre)<\/strong><\/span><\/td>\n<td style=\"width: 24.5238%;\"><span style=\"color: #000000;\"><strong>Sch\u00fcler (bis 15 Jahre)<\/strong><\/span><\/td>\n<\/tr>\n<tr>\n<td style=\"width: 50.8333%;\" width=\"230\"><span style=\"color: #000000;\">Rennen (Tages\/Abendkarte)Mitglieder SC Hartkirchen<\/span><\/td>\n<td style=\"width: 24.5238%;\" align=\"center\" width=\"105\"><span style=\"color: #000000;\">15,-<\/span><\/td>\n<td style=\"width: 24.5238%;\" align=\"center\" width=\"105\"><span style=\"color: #000000;\">10,-<\/span><\/td>\n<\/tr>\n<tr>\n<td style=\"width: 50.8333%;\"><span style=\"color: #000000;\">Rennsportgruppe SC<\/span><\/td>\n<td style=\"width: 49.0476%;\" colspan=\"3\" align=\"center\"><span style=\"color: #000000;\">6,-<\/span><\/td>\n<\/tr>\n<tr>\n<td style=\"width: 50.8333%;\"><span style=\"color: #000000;\">Schulen-Halbtag<\/span><\/td>\n<td style=\"width: 49.0476%;\" colspan=\"3\" align=\"center\"><span style=\"color: #000000;\">6,-<\/span><\/td>\n<\/tr>\n<\/tbody>\n<\/table>\n<p><span style=\"color: #000000;\">\u00a0<\/span><\/p>\n<hr \/>\n<h3><span style=\"color: #000000;\">Anfahrtsplan:<\/span><\/h3>\n<p><iframe loading=\"lazy\" src=\"https:\/\/www.google.com\/maps\/embed?pb=!1m14!1m8!1m3!1d10592.948032121501!2d13.982498000000003!3d48.413594!3m2!1i1024!2i768!4f13.1!3m3!1m2!1s0x4773873c43cb28c3%3A0xc1a71277fa4e84e4!2sSchilift+Brandtner+Dorf!5e0!3m2!1sde!2s!4v1401041510534\" width=\"600\" height=\"450\" frameborder=\"0\"><\/iframe><\/p>\n<h3>\u00a0<\/h3>\n<h3><span style=\"color: #000000;\">B\u00fcgelpatenschaft &#8211; Brandtner Lifte:<\/span><\/h3>\n<table style=\"height: 874px; width: 100%; border-collapse: collapse; border-color: #000000; border-style: dashed;\">\n<tbody>\n<tr style=\"height: 19px;\">\n<td style=\"width: 15.5952%; height: 19px;\"><strong><span style=\"color: #000000;\">B\u00fcgelnummer<\/span><\/strong><\/td>\n<td style=\"width: 84.4048%; height: 19px;\"><strong>&#8230;w<span style=\"color: #000000;\">ir m\u00f6chten uns herzlich f\u00fcr eure Unterst\u00fctzung des regionalen Schisports bedanken!<\/span><\/strong><\/td>\n<\/tr>\n<tr style=\"height: 19px;\">\n<td style=\"width: 15.5952%; height: 19px;\"><span style=\"color: #000000;\">1<\/span><\/td>\n<td style=\"width: 84.4048%; height: 19px;\"><span style=\"color: #000000;\"><a style=\"color: #000000;\" href=\"https:\/\/www.klampfer.at\/\"><img loading=\"lazy\" decoding=\"async\" class=\"alignnone size-medium wp-image-3708\" src=\"\/wp-content\/uploads\/2026\/01\/Klampfer-300x80.png\" alt=\"\" width=\"300\" height=\"80\" srcset=\"\/wp-content\/uploads\/2026\/01\/Klampfer-300x80.png 300w, \/wp-content\/uploads\/2026\/01\/Klampfer.png 433w\" sizes=\"auto, (max-width: 300px) 100vw, 300px\" \/><\/a><\/span><\/td>\n<\/tr>\n<tr style=\"height: 19px;\">\n<td style=\"width: 15.5952%; height: 19px;\"><span style=\"color: #000000;\">2<\/span><\/td>\n<td style=\"width: 84.4048%; height: 19px;\"><span style=\"color: #000000;\"><img loading=\"lazy\" decoding=\"async\" class=\"alignnone size-medium wp-image-3711\" src=\"\/wp-content\/uploads\/2026\/01\/Tiefenbeckerhof-300x200.png\" alt=\"\" width=\"300\" height=\"200\" srcset=\"\/wp-content\/uploads\/2026\/01\/Tiefenbeckerhof-300x200.png 300w, \/wp-content\/uploads\/2026\/01\/Tiefenbeckerhof.png 756w\" sizes=\"auto, (max-width: 300px) 100vw, 300px\" \/><\/span><\/td>\n<\/tr>\n<tr style=\"height: 19px;\">\n<td style=\"width: 15.5952%; height: 19px;\"><span style=\"color: #000000;\">3<\/span><\/td>\n<td style=\"width: 84.4048%; height: 19px;\"><span style=\"color: #000000;\">Karl Hofer<\/span><\/td>\n<\/tr>\n<tr style=\"height: 19px;\">\n<td style=\"width: 15.5952%; height: 19px;\"><span style=\"color: #000000;\">4<\/span><\/td>\n<td style=\"width: 84.4048%; height: 19px;\"><span style=\"color: #000000;\">Niklas Leibetseder<\/span><\/td>\n<\/tr>\n<tr style=\"height: 19px;\">\n<td style=\"width: 15.5952%; height: 19px;\"><span style=\"color: #000000;\">5<\/span><\/td>\n<td style=\"width: 84.4048%; height: 19px;\"><span style=\"color: #000000;\">Robert Mitter<\/span><\/td>\n<\/tr>\n<tr style=\"height: 19px;\">\n<td style=\"width: 15.5952%; height: 19px;\"><span style=\"color: #000000;\">6<\/span><\/td>\n<td style=\"width: 84.4048%; height: 19px;\"><span style=\"color: #000000;\">Niklas Leibetseder<\/span><\/td>\n<\/tr>\n<tr style=\"height: 19px;\">\n<td style=\"width: 15.5952%; height: 19px;\"><span style=\"color: #000000;\">7<\/span><\/td>\n<td style=\"width: 84.4048%; height: 19px;\"><span style=\"color: #000000;\">Adrian Piermayr<\/span><\/td>\n<\/tr>\n<tr style=\"height: 19px;\">\n<td style=\"width: 15.5952%; height: 19px;\"><span style=\"color: #000000;\">8<\/span><\/td>\n<td style=\"width: 84.4048%; height: 19px;\"><span style=\"color: #000000;\">David Lindenberger<\/span><\/td>\n<\/tr>\n<tr style=\"height: 19px;\">\n<td style=\"width: 15.5952%; height: 19px;\"><span style=\"color: #000000;\">9<\/span><\/td>\n<td style=\"width: 84.4048%; height: 19px;\"><span style=\"color: #000000;\">Gerald J\u00e4ger<\/span><\/td>\n<\/tr>\n<tr style=\"height: 19px;\">\n<td style=\"width: 15.5952%; height: 19px;\"><span style=\"color: #000000;\">10<\/span><\/td>\n<td style=\"width: 84.4048%; height: 19px;\"><span style=\"color: #000000;\">Bernhard Haudum<\/span><\/td>\n<\/tr>\n<tr style=\"height: 19px;\">\n<td style=\"width: 15.5952%; height: 19px;\"><span style=\"color: #000000;\">11<\/span><\/td>\n<td style=\"width: 84.4048%; height: 19px;\">\u00a0<\/td>\n<\/tr>\n<tr style=\"height: 19px;\">\n<td style=\"width: 15.5952%; height: 19px;\"><span style=\"color: #000000;\">12<\/span><\/td>\n<td style=\"width: 84.4048%; height: 19px;\"><span style=\"color: #000000;\">Bernhard Knogler<\/span><\/td>\n<\/tr>\n<tr style=\"height: 19px;\">\n<td style=\"width: 15.5952%; height: 19px;\"><span style=\"color: #000000;\">13<\/span><\/td>\n<td style=\"width: 84.4048%; height: 19px;\">\u00a0<\/td>\n<\/tr>\n<tr style=\"height: 19px;\">\n<td style=\"width: 15.5952%; height: 19px;\"><span style=\"color: #000000;\">14<\/span><\/td>\n<td style=\"width: 84.4048%; height: 19px;\">\u00a0<\/td>\n<\/tr>\n<tr style=\"height: 19px;\">\n<td style=\"width: 15.5952%; height: 19px;\"><span style=\"color: #000000;\">15<\/span><\/td>\n<td style=\"width: 84.4048%; height: 19px;\">\u00a0<\/td>\n<\/tr>\n<tr style=\"height: 19px;\">\n<td style=\"width: 15.5952%; height: 19px;\"><span style=\"color: #000000;\">16<\/span><\/td>\n<td style=\"width: 84.4048%; height: 19px;\">\u00a0<\/td>\n<\/tr>\n<tr style=\"height: 19px;\">\n<td style=\"width: 15.5952%; height: 19px;\"><span style=\"color: #000000;\">17<\/span><\/td>\n<td style=\"width: 84.4048%; height: 19px;\"><span style=\"color: #000000;\">\u00a0<\/span><\/td>\n<\/tr>\n<tr style=\"height: 19px;\">\n<td style=\"width: 15.5952%; height: 19px;\"><span style=\"color: #000000;\">18<\/span><\/td>\n<td style=\"width: 84.4048%; height: 19px;\"><span style=\"color: #000000;\">\u00a0<\/span><\/td>\n<\/tr>\n<tr style=\"height: 19px;\">\n<td style=\"width: 15.5952%; height: 19px;\"><span style=\"color: #000000;\">19<\/span><\/td>\n<td style=\"width: 84.4048%; height: 19px;\"><span style=\"color: #000000;\">\u00a0<\/span><\/td>\n<\/tr>\n<tr style=\"height: 19px;\">\n<td style=\"width: 15.5952%; height: 19px;\"><span style=\"color: #000000;\">20<\/span><\/td>\n<td style=\"width: 84.4048%; height: 19px;\"><span style=\"color: #000000;\">\u00a0<\/span><\/td>\n<\/tr>\n<tr style=\"height: 19px;\">\n<td style=\"width: 15.5952%; height: 19px;\"><span style=\"color: #000000;\">21<\/span><\/td>\n<td style=\"width: 84.4048%; height: 19px;\"><span style=\"color: #000000;\">\u00a0<\/span><\/td>\n<\/tr>\n<tr style=\"height: 19px;\">\n<td style=\"width: 15.5952%; height: 19px;\"><span style=\"color: #000000;\">22<\/span><\/td>\n<td style=\"width: 84.4048%; height: 19px;\"><span style=\"color: #000000;\">\u00a0<\/span><\/td>\n<\/tr>\n<tr style=\"height: 19px;\">\n<td style=\"width: 15.5952%; height: 19px;\"><span style=\"color: #000000;\">23<\/span><\/td>\n<td style=\"width: 84.4048%; height: 19px;\"><span style=\"color: #000000;\">\u00a0<\/span><\/td>\n<\/tr>\n<tr style=\"height: 19px;\">\n<td style=\"width: 15.5952%; height: 19px;\"><span style=\"color: #000000;\">24<\/span><\/td>\n<td style=\"width: 84.4048%; height: 19px;\"><span style=\"color: #000000;\">\u00a0<\/span><\/td>\n<\/tr>\n<tr style=\"height: 19px;\">\n<td style=\"width: 15.5952%; height: 19px;\"><span style=\"color: #000000;\">25<\/span><\/td>\n<td style=\"width: 84.4048%; height: 19px;\"><span style=\"color: #000000;\">\u00a0<\/span><\/td>\n<\/tr>\n<tr style=\"height: 19px;\">\n<td style=\"width: 15.5952%; height: 19px;\"><span style=\"color: #000000;\">26<\/span><\/td>\n<td style=\"width: 84.4048%; height: 19px;\"><span style=\"color: #000000;\">\u00a0<\/span><\/td>\n<\/tr>\n<tr style=\"height: 19px;\">\n<td style=\"width: 15.5952%; height: 19px;\"><span style=\"color: #000000;\">27<\/span><\/td>\n<td style=\"width: 84.4048%; height: 19px;\"><span style=\"color: #000000;\">\u00a0<\/span><\/td>\n<\/tr>\n<tr style=\"height: 19px;\">\n<td style=\"width: 15.5952%; height: 19px;\"><span style=\"color: #000000;\">28<\/span><\/td>\n<td style=\"width: 84.4048%; height: 19px;\"><span style=\"color: #000000;\">\u00a0<\/span><\/td>\n<\/tr>\n<tr style=\"height: 19px;\">\n<td style=\"width: 15.5952%; height: 19px;\"><span style=\"color: #000000;\">29<\/span><\/td>\n<td style=\"width: 84.4048%; height: 19px;\"><span style=\"color: #000000;\">\u00a0<\/span><\/td>\n<\/tr>\n<tr style=\"height: 19px;\">\n<td style=\"width: 15.5952%; height: 19px;\"><span style=\"color: #000000;\">30<\/span><\/td>\n<td style=\"width: 84.4048%; height: 19px;\"><span style=\"color: #000000;\">\u00a0<\/span><\/td>\n<\/tr>\n<tr style=\"height: 19px;\">\n<td style=\"width: 15.5952%; height: 19px;\"><span style=\"color: #000000;\">31<\/span><\/td>\n<td style=\"width: 84.4048%; height: 19px;\"><span style=\"color: #000000;\">\u00a0<\/span><\/td>\n<\/tr>\n<tr style=\"height: 19px;\">\n<td style=\"width: 15.5952%; height: 19px;\"><span style=\"color: #000000;\">32<\/span><\/td>\n<td style=\"width: 84.4048%; height: 19px;\"><span style=\"color: #000000;\">\u00a0<\/span><\/td>\n<\/tr>\n<tr style=\"height: 19px;\">\n<td style=\"width: 15.5952%; height: 19px;\"><span style=\"color: #000000;\">33<\/span><\/td>\n<td style=\"width: 84.4048%; height: 19px;\"><span style=\"color: #000000;\">\u00a0<\/span><\/td>\n<\/tr>\n<tr style=\"height: 19px;\">\n<td style=\"width: 15.5952%; height: 19px;\"><span style=\"color: #000000;\">34<\/span><\/td>\n<td style=\"width: 84.4048%; height: 19px;\"><span style=\"color: #000000;\">\u00a0<\/span><\/td>\n<\/tr>\n<tr style=\"height: 19px;\">\n<td style=\"width: 15.5952%; height: 19px;\"><span style=\"color: #000000;\">35<\/span><\/td>\n<td style=\"width: 84.4048%; height: 19px;\"><span style=\"color: #000000;\">\u00a0<\/span><\/td>\n<\/tr>\n<tr style=\"height: 19px;\">\n<td style=\"width: 15.5952%; height: 19px;\"><span style=\"color: #000000;\">36<\/span><\/td>\n<td style=\"width: 84.4048%; height: 19px;\"><span style=\"color: #000000;\">\u00a0<\/span><\/td>\n<\/tr>\n<tr style=\"height: 19px;\">\n<td style=\"width: 15.5952%; height: 19px;\"><span style=\"color: #000000;\">37<\/span><\/td>\n<td style=\"width: 84.4048%; height: 19px;\"><span style=\"color: #000000;\">\u00a0<\/span><\/td>\n<\/tr>\n<tr style=\"height: 19px;\">\n<td style=\"width: 15.5952%; height: 19px;\"><span style=\"color: #000000;\">38<\/span><\/td>\n<td style=\"width: 84.4048%; height: 19px;\"><span style=\"color: #000000;\">\u00a0<\/span><\/td>\n<\/tr>\n<tr style=\"height: 19px;\">\n<td style=\"width: 15.5952%; height: 19px;\"><span style=\"color: #000000;\">39<\/span><\/td>\n<td style=\"width: 84.4048%; height: 19px;\"><span style=\"color: #000000;\">\u00a0<\/span><\/td>\n<\/tr>\n<tr style=\"height: 19px;\">\n<td style=\"width: 15.5952%; height: 19px;\"><span style=\"color: #000000;\">40<\/span><\/td>\n<td style=\"width: 84.4048%; height: 19px;\"><span style=\"color: #000000;\">\u00a0<\/span><\/td>\n<\/tr>\n<tr style=\"height: 19px;\">\n<td style=\"width: 15.5952%; height: 19px;\"><span style=\"color: #000000;\">41<\/span><\/td>\n<td style=\"width: 84.4048%; height: 19px;\"><span style=\"color: #000000;\">\u00a0<\/span><\/td>\n<\/tr>\n<tr style=\"height: 19px;\">\n<td style=\"width: 15.5952%; height: 19px;\"><span style=\"color: #000000;\">42<\/span><\/td>\n<td style=\"width: 84.4048%; height: 19px;\"><span style=\"color: #000000;\">\u00a0<\/span><\/td>\n<\/tr>\n<tr style=\"height: 19px;\">\n<td style=\"width: 15.5952%; height: 19px;\"><span style=\"color: #000000;\">43<\/span><\/td>\n<td style=\"width: 84.4048%; height: 19px;\"><span style=\"color: #000000;\">\u00a0<\/span><\/td>\n<\/tr>\n<tr style=\"height: 19px;\">\n<td style=\"width: 15.5952%; height: 19px;\"><span style=\"color: #000000;\">44<\/span><\/td>\n<td style=\"width: 84.4048%; height: 19px;\"><span style=\"color: #000000;\">\u00a0<\/span><\/td>\n<\/tr>\n<tr style=\"height: 19px;\">\n<td style=\"width: 15.5952%; height: 19px;\"><span style=\"color: #000000;\">45<\/span><\/td>\n<td style=\"width: 84.4048%; height: 19px;\"><span style=\"color: #000000;\">\u00a0<\/span><\/td>\n<\/tr>\n<\/tbody>\n<\/table>\n\n","protected":false},"excerpt":{"rendered":"<p>Aufgrund der Witterung sind die Brandtner Lifte derzeit geschlossen. \u00c4nderungen werden hier auf unserer Homepage oder auf unseren Social Media Kan\u00e4len bekannt gegeben. ACHTUNG: nur Barzahlung m\u00f6glich! Tonbandauskunft \u00fcber Betriebszeiten &#8230;<\/p>\n","protected":false},"author":1,"featured_media":0,"parent":0,"menu_order":0,"comment_status":"closed","ping_status":"closed","template":"","meta":{"footnotes":""},"class_list":["post-65","page","type-page","status-publish","hentry"],"_links":{"self":[{"href":"https:\/\/ski-hartkirchen.com\/index.php?rest_route=\/wp\/v2\/pages\/65","targetHints":{"allow":["GET"]}}],"collection":[{"href":"https:\/\/ski-hartkirchen.com\/index.php?rest_route=\/wp\/v2\/pages"}],"about":[{"href":"https:\/\/ski-hartkirchen.com\/index.php?rest_route=\/wp\/v2\/types\/page"}],"author":[{"embeddable":true,"href":"https:\/\/ski-hartkirchen.com\/index.php?rest_route=\/wp\/v2\/users\/1"}],"replies":[{"embeddable":true,"href":"https:\/\/ski-hartkirchen.com\/index.php?rest_route=%2Fwp%2Fv2%2Fcomments&post=65"}],"version-history":[{"count":90,"href":"https:\/\/ski-hartkirchen.com\/index.php?rest_route=\/wp\/v2\/pages\/65\/revisions"}],"predecessor-version":[{"id":3726,"href":"https:\/\/ski-hartkirchen.com\/index.php?rest_route=\/wp\/v2\/pages\/65\/revisions\/3726"}],"wp:attachment":[{"href":"https:\/\/ski-hartkirchen.com\/index.php?rest_route=%2Fwp%2Fv2%2Fmedia&parent=65"}],"curies":[{"name":"wp","href":"https:\/\/api.w.org\/{rel}","templated":true}]}}