{"id":48,"date":"2014-05-03T18:32:31","date_gmt":"2014-05-03T16:32:31","guid":{"rendered":"http:\/\/ski-hartkirchen.com\/?page_id=48"},"modified":"2025-12-11T20:27:14","modified_gmt":"2025-12-11T19:27:14","slug":"kinderskikurs","status":"publish","type":"page","link":"https:\/\/ski-hartkirchen.com\/?page_id=48","title":{"rendered":"Kinderskikurs"},"content":{"rendered":"<h1 style=\"color: #2c2c2c;\"><span style=\"color: #000000;\">27. bis 29. Dezember 2025<\/span><\/h1>\n<h3><span style=\"color: #0000ff;\"><span style=\"color: #ff0000;\">Wir konnten unsere Pl\u00e4tze noch erweitern und die Anmeldung ist jetzt nochmal m\u00f6glich.<\/span><\/span><\/h3>\n<h3 style=\"text-align: left;\"><span style=\"color: #0000ff;\"><span style=\"color: #ff0000;\">==&gt; ==&gt; <a href=\"https:\/\/forms.cloud.microsoft\/e\/suu7HnvHEz\">Anmeldung<\/a><\/span><\/span><\/h3>\n<p><a href=\"https:\/\/forms.cloud.microsoft\/e\/suu7HnvHEz\"><img loading=\"lazy\" decoding=\"async\" class=\"aligncenter size-medium wp-image-3648\" src=\"\/wp-content\/uploads\/2025\/11\/QRCode-fuer-Anmeldung-Kinderskikurs-2025-300x300.png\" alt=\"\" width=\"300\" height=\"300\" srcset=\"\/wp-content\/uploads\/2025\/11\/QRCode-fuer-Anmeldung-Kinderskikurs-2025-300x300.png 300w, \/wp-content\/uploads\/2025\/11\/QRCode-fuer-Anmeldung-Kinderskikurs-2025-1024x1024.png 1024w, \/wp-content\/uploads\/2025\/11\/QRCode-fuer-Anmeldung-Kinderskikurs-2025-150x150.png 150w, \/wp-content\/uploads\/2025\/11\/QRCode-fuer-Anmeldung-Kinderskikurs-2025-768x768.png 768w, \/wp-content\/uploads\/2025\/11\/QRCode-fuer-Anmeldung-Kinderskikurs-2025-1536x1536.png 1536w, \/wp-content\/uploads\/2025\/11\/QRCode-fuer-Anmeldung-Kinderskikurs-2025.png 1890w\" sizes=\"auto, (max-width: 300px) 100vw, 300px\" \/><\/a><\/p>\n<p><span style=\"color: #000000;\">Teilnahmeberechtigt sind Kinder ab 5 Jahre und \u00e4lter.<\/span><\/p>\n<p><span style=\"color: #000000;\">Unser Kinderskikurs wird auf Vereinsbasis mit bestm\u00f6glicher Qualit\u00e4t durchgef\u00fchrt.<br \/>\nTop ausgebildete Lehr- und Hilfskr\u00e4fte sorgen, bei einer Gruppengr\u00f6\u00dfe von max. 10 Personen, f\u00fcr das Wohl der Kinder.<\/span><\/p>\n<p><span style=\"color: #000000;\">Unsere Devise lautet: Mit Spa\u00df zum Lernerfolg!<\/span><br \/>\n<span style=\"color: #000000;\"> Zwei Betreuer pro Gruppe sorgen f\u00fcr eine sichtliche Leistungsverbesserung.<\/span><\/p>\n<h2><span style=\"color: #000000;\"><img decoding=\"async\" src=\"file:\/\/\/Users\/ursulawieshofer\/Desktop\/SkiclubAlteHomepage\/pics\/placeholder.png\" alt=\"\" \/>Anf\u00e4nger<\/span><\/h2>\n<p><span style=\"color: #000000;\">Bei guter Schneelage ist der <strong>Anf\u00e4ngerkurs<\/strong> an den Brandtnerliften geplant.\u00a0Hierf\u00fcr\u00a0die Kinder bitte selbst rauf bringen. Es f\u00e4hrt kein Bus zu den Brandtner Liften!<\/span><\/p>\n<p><span style=\"color: #000000; background-color: #ffff00;\"><strong>ACHTUNG: Aufzahlung auf Brandtnerpreis wenn auf den Hochficht gefahren wird.<\/strong><\/span><br \/>\n<span style=\"color: #000000;\"> Treffpunkt Brandtner: 08:45 Uhr<\/span><br \/>\n<span style=\"color: #000000;\"> Abholung der Kinder: 15.15 Uhr<\/span><\/p>\n<table style=\"width: 100%;\">\n<tbody>\n<tr>\n<td style=\"vertical-align: top; text-align: left; width: 24.6552%;\"><span style=\"color: #000000;\">Ort<\/span><\/td>\n<td style=\"vertical-align: top; text-align: left; width: 75.1724%;\"><span style=\"color: #000000;\">Brandtner Skilifte<\/span><\/td>\n<\/tr>\n<tr>\n<td style=\"vertical-align: top; text-align: left; width: 24.6552%;\"><span style=\"color: #000000;\">Pauschalpreis<\/span><\/td>\n<td style=\"vertical-align: top; text-align: left; width: 75.1724%;\"><span style=\"color: #000000;\">120,- EURO (inkl. Lift, Essen und Tee, Kurs und Betreuung)<\/span><span style=\"color: #000000;\"> \/<br \/>\n115,- EURO f\u00fcr jedes weitere Kind (Geschwister)<\/span><\/td>\n<\/tr>\n<tr>\n<td style=\"vertical-align: top; text-align: left; width: 24.6552%;\"><span style=\"color: #000000;\">Treffpunkt<\/span><\/td>\n<td style=\"vertical-align: top; text-align: left; width: 75.1724%;\"><span style=\"color: #000000;\">8:45 Uhr Sammelplatz Brandtnerlifte<\/span><\/td>\n<\/tr>\n<tr>\n<td style=\"vertical-align: top; text-align: left; width: 24.6552%;\"><span style=\"color: #000000;\">Abholung der Kids<\/span><\/td>\n<td style=\"vertical-align: top; text-align: left; width: 75.1724%;\"><span style=\"color: #000000;\">15:15 Uhr<\/span><\/td>\n<\/tr>\n<tr>\n<td style=\"vertical-align: top; text-align: left; width: 24.6552%;\"><span style=\"color: #000000;\">Was wenn kein Schnee beim Brandtner liegt?<\/span><\/td>\n<td style=\"vertical-align: top; text-align: left; width: 75.1724%;\"><span style=\"color: #000000;\">Sollte zu wenig Schnee vorhanden sein, werden die Anf\u00e4nger auf den Hochficht mitgenommen. Sollte dies der Fall sein, werdet ihr vom Skiclub sp\u00e4testens am<strong>\u00a0 20. Dezember <\/strong>informiert.<strong><br \/>\nIn diesem Fall fahren die Kinder mit dem Bus und es muss auf den Hochficht-Preis aufgezahlt werden.<\/strong><\/span><\/td>\n<\/tr>\n<\/tbody>\n<\/table>\n<h2 style=\"color: #0a557c;\"><span style=\"color: #000000;\"><img decoding=\"async\" src=\"file:\/\/\/Users\/ursulawieshofer\/Desktop\/SkiclubAlteHomepage\/pics\/placeholder.png\" alt=\"\" \/>Fortgeschrittene<\/span><\/h2>\n<table style=\"width: 100%; height: 119px;\">\n<tbody>\n<tr style=\"height: 19px;\">\n<td style=\"vertical-align: top; text-align: left; width: 126px; height: 19px;\"><span style=\"color: #000000;\">Ort<\/span><\/td>\n<td style=\"vertical-align: top; text-align: left; width: 441px; height: 19px;\"><span style=\"color: #000000;\">Hochficht \/ B\u00f6hmerwald<\/span><span style=\"color: #000000;\"> Voraussetzung Kurven (Pflugbogen) und Liftfahren.<\/span><\/td>\n<\/tr>\n<tr style=\"height: 42px;\">\n<td style=\"vertical-align: top; text-align: left; width: 126px; height: 42px;\"><span style=\"color: #000000;\">Pauschalpreis<\/span><\/td>\n<td style=\"vertical-align: top; text-align: left; width: 441px; height: 42px;\"><span style=\"color: #000000;\">180,- EURO (inkl. Bus, Essen und Tee, Lift, Kurs und Betreuung)<br \/>\n<\/span><span style=\"color: #000000;\">175,- EURO f\u00fcr jedes weitere Kind (Geschwister)<\/span><\/td>\n<\/tr>\n<tr style=\"height: 19px;\">\n<td style=\"vertical-align: top; text-align: left; width: 126px; height: 19px;\"><span style=\"color: #000000;\">Abfahrt<\/span><\/td>\n<td style=\"vertical-align: top; text-align: left; width: 441px; height: 19px;\"><span style=\"color: #000000;\">Fortgeschrittene um 7.30 Uhr vor der Musikschule Hartkirchen.<\/span><\/td>\n<\/tr>\n<tr style=\"height: 39px;\">\n<td style=\"vertical-align: top; text-align: left; width: 126px; height: 39px;\"><span style=\"color: #000000;\">Ankunft<\/span><\/td>\n<td style=\"vertical-align: top; text-align: left; width: 441px; height: 39px;\"><span style=\"color: #000000;\">ca. um 16:15 Uhr<br \/>\n(bitte nicht b\u00f6se sein wenn wir nicht p\u00fcnktlich sind)<\/span><\/td>\n<\/tr>\n<\/tbody>\n<\/table>\n<p><span style=\"color: #000000;\"><span style=\"background-color: #ffff00;\">Leitung und Info: Jan Lindenberger 0650\/7787959<\/span><\/span><\/p>\n<p><span style=\"color: #000000;\"><br \/>\n<\/span><span style=\"color: #000000;\">Unsere Bankverbindung:<\/span><br \/>\n<span style=\"color: #000000;\">RAIKA REGION EFERDING -BS HARTKIRCHEN<\/span><br \/>\n<span style=\"color: #000000;\">IBAN: AT433418000001417898<\/span><br \/>\n<span style=\"color: #000000;\">BIC: RZOOAT2L180<\/span><br \/>\n<span style=\"color: #000000;\">(bitte den Namen des Kindes angeben, damit wir die Zahlung zuweisen k\u00f6nnen)<\/span><\/p>\n<p><span style=\"color: #000000;\"><strong>Bitte den Mitgliedsbeitrag und Kursbeitrag mit getrennten \u00dcberweisungsformularen einzahlen.<\/strong><\/span><\/p>\n<hr \/>\n<p><span style=\"color: #000000;\">WICHTIGE INFORMATIONEN:<\/span><\/p>\n<ul>\n<li><span style=\"color: #000000;\">Storno<\/span><br \/>\n<span style=\"color: #000000;\">Bei Stornieren des Kurses bis einschlie\u00dflich 10. Dezember fallen keine Geb\u00fchren an<\/span><br \/>\n<span style=\"color: #000000;\">Bei sp\u00e4teren Stornos fallen 50% der Kurskosten als Stornokosten an, sofern der Kinderskikurs statt findet.<\/span><\/li>\n<li><span style=\"color: #000000;\">Selbstanreise<\/span><br \/>\n<span style=\"color: #000000;\">Bei Selbstanreise bleiben die Kurskosten gleich<\/span><\/li>\n<li><span style=\"color: #000000;\">Best\u00e4tigung<\/span><br \/>\n<span style=\"color: #000000;\">Sie erhalten eine <span style=\"background-color: #00ccff;\">Best\u00e4tigungsmail<\/span> sobald der zu zahlende Betrag bei uns eingelangt ist<\/span><\/li>\n<\/ul>\n<hr \/>\n<div class=\"page\" title=\"Page 13\">\n<div class=\"section\">\n<div class=\"layoutArea\">\n<div class=\"column\">\n<p><span style=\"color: #000000;\">Die ausgedruckte Anmeldebest\u00e4tigung gilt im Schistall als Gutschein f\u00fcr eine einmalige kostenlose Bindungseinstellung der Kinderschi<\/span><\/p>\n<\/div>\n<\/div>\n<\/div>\n<\/div>\n","protected":false},"excerpt":{"rendered":"<p>27. bis 29. Dezember 2025 Wir konnten unsere Pl\u00e4tze noch erweitern und die Anmeldung ist jetzt nochmal m\u00f6glich. ==&gt; ==&gt; Anmeldung Teilnahmeberechtigt sind Kinder ab 5 Jahre und \u00e4lter. Unser &#8230;<\/p>\n","protected":false},"author":1,"featured_media":0,"parent":18,"menu_order":0,"comment_status":"closed","ping_status":"closed","template":"","meta":{"footnotes":""},"class_list":["post-48","page","type-page","status-publish","hentry"],"_links":{"self":[{"href":"https:\/\/ski-hartkirchen.com\/index.php?rest_route=\/wp\/v2\/pages\/48","targetHints":{"allow":["GET"]}}],"collection":[{"href":"https:\/\/ski-hartkirchen.com\/index.php?rest_route=\/wp\/v2\/pages"}],"about":[{"href":"https:\/\/ski-hartkirchen.com\/index.php?rest_route=\/wp\/v2\/types\/page"}],"author":[{"embeddable":true,"href":"https:\/\/ski-hartkirchen.com\/index.php?rest_route=\/wp\/v2\/users\/1"}],"replies":[{"embeddable":true,"href":"https:\/\/ski-hartkirchen.com\/index.php?rest_route=%2Fwp%2Fv2%2Fcomments&post=48"}],"version-history":[{"count":86,"href":"https:\/\/ski-hartkirchen.com\/index.php?rest_route=\/wp\/v2\/pages\/48\/revisions"}],"predecessor-version":[{"id":3666,"href":"https:\/\/ski-hartkirchen.com\/index.php?rest_route=\/wp\/v2\/pages\/48\/revisions\/3666"}],"up":[{"embeddable":true,"href":"https:\/\/ski-hartkirchen.com\/index.php?rest_route=\/wp\/v2\/pages\/18"}],"wp:attachment":[{"href":"https:\/\/ski-hartkirchen.com\/index.php?rest_route=%2Fwp%2Fv2%2Fmedia&parent=48"}],"curies":[{"name":"wp","href":"https:\/\/api.w.org\/{rel}","templated":true}]}}