{"id":3136,"date":"2022-09-16T22:55:05","date_gmt":"2022-09-16T20:55:05","guid":{"rendered":"http:\/\/ski-hartkirchen.com\/?page_id=3136"},"modified":"2025-10-17T21:24:10","modified_gmt":"2025-10-17T19:24:10","slug":"abschlussfahrt","status":"publish","type":"page","link":"https:\/\/ski-hartkirchen.com\/?page_id=3136","title":{"rendered":"Abschlussfahrt"},"content":{"rendered":"\n<div class=\"page\" title=\"Page 23\">\n<div class=\"section\">\n<div class=\"layoutArea\">\n<div class=\"column\">\n<p><span style=\"color: #000000;\">Auch heuer m\u00f6chten wir die Skisaison 2025\/26 wieder gemeinsam ausklingen lassen &#8211; der Einkehrschwung darf dabei nat\u00fcrlich nicht fehlen <img loading=\"lazy\" decoding=\"async\" class=\"\" src=\"https:\/\/images.emojiterra.com\/google\/android-11\/512px\/1f609.png\" alt=\"\ud83d\ude09 zwinkerndes Gesicht-Emoji\" width=\"21\" height=\"21\" \/><\/span><\/p>\n<p>\u00a0<\/p>\n<h3><span style=\"color: #000000;\">Samstag 14. M\u00e4rz bis Sonntag 15. M\u00e4rz 2026<\/span><\/h3>\n<div class=\"page\" title=\"Page 23\">\n<div class=\"section\">\n<div class=\"layoutArea\">\n<div class=\"column\">\n<p><span style=\"color: #000000;\">Alle Info&#8217;s im \u00dcberblick:<br \/><\/span><\/p>\n<\/div>\n<\/div>\n<\/div>\n<\/div>\n<table>\n<tbody>\n<tr>\n<td style=\"vertical-align: top; text-align: left;\"><span style=\"color: #000000;\">Ort<\/span><\/td>\n<td style=\"vertical-align: top; text-align: left;\"><span style=\"color: #000000;\">Dorfgastein<\/span><\/td>\n<\/tr>\n<tr>\n<td style=\"vertical-align: top; text-align: left;\"><span style=\"color: #000000;\">Unterbringung<\/span><\/td>\n<td style=\"vertical-align: top; text-align: left;\"><span style=\"color: #000000;\">Steindlwirt<\/span><br \/><span style=\"color: #000000;\">Dorfstra\u00dfe 30, 5632 Dorfgastein<\/span><\/td>\n<\/tr>\n<tr>\n<td style=\"vertical-align: top; text-align: left;\"><span style=\"color: #000000;\">Pauschalpreis<\/span><\/td>\n<td style=\"vertical-align: top; text-align: left;\"><span style=\"color: #000000;\">270,- \u20ac<\/span><br \/><span style=\"color: #000000;\">inkl. Fahrt, Skipass, Fr\u00fchst\u00fcckspension<\/span><\/td>\n<\/tr>\n<tr>\n<td style=\"vertical-align: top; text-align: left;\"><span style=\"color: #000000;\">Abfahrt<\/span><\/td>\n<td style=\"vertical-align: top; text-align: left;\"><span style=\"color: #000000;\">5.45 Uhr bei der Musikschule Hartkirchen<\/span><\/td>\n<\/tr>\n<tr>\n<td style=\"vertical-align: top; text-align: left;\"><span style=\"color: #000000;\">Anmeldung<\/span><\/td>\n<td style=\"vertical-align: top; text-align: left;\"><span style=\"color: #000000;\">Telefonisch oder per Mail bis 28.02.2026 bei David Lindenberger:<br \/>0664 8383634 oder david.lindenberger@a1.net<\/span><\/td>\n<\/tr>\n<\/tbody>\n<\/table>\n<p class=\"p1\"><span style=\"color: #000000;\">Storno: Bei kurzfristigen Absagen ohne \u00e4rztlichen Attest m\u00fcssen wir aus organisatorischen Gr\u00fcnden Stornokosten in H\u00f6he der Anzahlung verrechnen.<\/span><\/p>\n<h3 style=\"color: #2c2c2c;\"><span style=\"color: #000000;\">Bei Anmeldung sind EUR 100,- Anzahlung zu leisten.<br \/><\/span><\/h3>\n<p style=\"color: #2c2c2c;\"><span style=\"color: #000000;\">Unsere Bankverbindung:<\/span><br \/><span style=\"color: #000000;\">RAIKA REGION EFERDING &#8211; BS HARTKIRCHEN<\/span><br \/><span style=\"color: #000000;\">IBAN: AT433418000001417898<\/span><br \/><span style=\"color: #000000;\">BIC: RZOOAT2L180<\/span><br \/><span style=\"color: #000000;\">(bitte &#8222;Abschlussfahrt&#8220; + Namen angeben, damit wir die Zahlung zuweisen k\u00f6nnen)<br \/><\/span><\/p>\n<p style=\"color: #2c2c2c;\">\u00a0<\/p>\n<\/div>\n<\/div>\n<\/div>\n<\/div>\n","protected":false},"excerpt":{"rendered":"<p>Auch heuer m\u00f6chten wir die Skisaison 2025\/26 wieder gemeinsam ausklingen lassen &#8211; der Einkehrschwung darf dabei nat\u00fcrlich nicht fehlen \u00a0 Samstag 14. M\u00e4rz bis Sonntag 15. M\u00e4rz 2026 Alle Info&#8217;s &#8230;<\/p>\n","protected":false},"author":1,"featured_media":0,"parent":1975,"menu_order":0,"comment_status":"closed","ping_status":"closed","template":"","meta":{"footnotes":""},"class_list":["post-3136","page","type-page","status-publish","hentry"],"_links":{"self":[{"href":"https:\/\/ski-hartkirchen.com\/index.php?rest_route=\/wp\/v2\/pages\/3136","targetHints":{"allow":["GET"]}}],"collection":[{"href":"https:\/\/ski-hartkirchen.com\/index.php?rest_route=\/wp\/v2\/pages"}],"about":[{"href":"https:\/\/ski-hartkirchen.com\/index.php?rest_route=\/wp\/v2\/types\/page"}],"author":[{"embeddable":true,"href":"https:\/\/ski-hartkirchen.com\/index.php?rest_route=\/wp\/v2\/users\/1"}],"replies":[{"embeddable":true,"href":"https:\/\/ski-hartkirchen.com\/index.php?rest_route=%2Fwp%2Fv2%2Fcomments&post=3136"}],"version-history":[{"count":11,"href":"https:\/\/ski-hartkirchen.com\/index.php?rest_route=\/wp\/v2\/pages\/3136\/revisions"}],"predecessor-version":[{"id":3621,"href":"https:\/\/ski-hartkirchen.com\/index.php?rest_route=\/wp\/v2\/pages\/3136\/revisions\/3621"}],"up":[{"embeddable":true,"href":"https:\/\/ski-hartkirchen.com\/index.php?rest_route=\/wp\/v2\/pages\/1975"}],"wp:attachment":[{"href":"https:\/\/ski-hartkirchen.com\/index.php?rest_route=%2Fwp%2Fv2%2Fmedia&parent=3136"}],"curies":[{"name":"wp","href":"https:\/\/api.w.org\/{rel}","templated":true}]}}