{"id":3064,"date":"2022-01-11T16:07:14","date_gmt":"2022-01-11T15:07:14","guid":{"rendered":"http:\/\/ski-hartkirchen.com\/?page_id=3064"},"modified":"2022-01-11T16:13:51","modified_gmt":"2022-01-11T15:13:51","slug":"covid-19-winter-sicherheitskonzept-2","status":"publish","type":"page","link":"https:\/\/ski-hartkirchen.com\/?page_id=3064","title":{"rendered":"COVID-19 Winter Sicherheitskonzept"},"content":{"rendered":"\n<div class=\"wp-block-columns is-layout-flex wp-container-core-columns-is-layout-9d6595d7 wp-block-columns-is-layout-flex\">\n<div class=\"wp-block-column is-layout-flow wp-block-column-is-layout-flow\" style=\"flex-basis:33.33%\">\n<figure class=\"wp-block-image size-large\"><a href=\"https:\/\/ski-hartkirchen.com\/wp-content\/uploads\/2022\/01\/Screenshot-2022-01-11-at-16.09.17.png\" data-rel=\"lightbox-image-0\" data-rl_title=\"\" data-rl_caption=\"\" title=\"\"><img loading=\"lazy\" decoding=\"async\" width=\"1024\" height=\"567\" src=\"https:\/\/ski-hartkirchen.com\/wp-content\/uploads\/2022\/01\/Screenshot-2022-01-11-at-16.09.17-1024x567.png\" alt=\"\" class=\"wp-image-3068\" srcset=\"\/wp-content\/uploads\/2022\/01\/Screenshot-2022-01-11-at-16.09.17-1024x567.png 1024w, \/wp-content\/uploads\/2022\/01\/Screenshot-2022-01-11-at-16.09.17-300x166.png 300w, \/wp-content\/uploads\/2022\/01\/Screenshot-2022-01-11-at-16.09.17-768x426.png 768w, \/wp-content\/uploads\/2022\/01\/Screenshot-2022-01-11-at-16.09.17.png 1126w\" sizes=\"auto, (max-width: 1024px) 100vw, 1024px\" \/><\/a><\/figure>\n<\/div>\n\n\n\n<div class=\"wp-block-column is-layout-flow wp-block-column-is-layout-flow\" style=\"flex-basis:66.66%\">\n<h3 class=\"wp-block-heading\">Es gilt ausnahmslos eine 2G-Pflicht f\u00fcr die Bef\u00f6rderung mit einem Schlepplift oder einer Seilbahn zu touristischen Zwecken.<br><span style=\"background-color:#fdf900\" class=\"tadv-background-color\">Der 2G-Nachweis wird beim Ticketverkauf kontrolliert!<\/span><\/h3>\n<\/div>\n<\/div>\n\n\n\n<p><span style=\"color: #000000;\">Ab dem vollendeten 12. Lebensjahr ist grunds\u00e4tzlich ein 2G-Nachweis erforderlich. Ein <strong>Corona-Testpass (Ninja Pass)<\/strong> ersetzt f\u00fcr schulpflichtige Kinder und Jugendliche, wenn die vorgesehenen Testintervalle eingehalten werden, den 2-G-Nachweis in der ganzen Woche, also auch am Freitag, Samstag und Sonntag. Fehlt jedoch ein Eintrag &#8211; wurde also nicht bei allen Testungen teilgenommen &#8211; <strong>gelten nur die jeweils durchgef\u00fchrten Tests als 3G-Nachweise<\/strong>, entsprechend ihrer G\u00fcltigkeit.<\/span><\/p>\n<p>\u00a0<\/p>\n<h3><span style=\"color: #000000;\">Wo muss \u00fcberall ein Mund-Nasenschutz getragen werden?<\/span><\/h3>\n<p><span style=\"color: #000000;\">Aufgrund der aktuellen Covid 19 Ma\u00dfnahmenverordnung Winter 2021\/22 ist im Freien kein Mund- Nasenschutz erforderlich.<\/span><\/p>\n<p><span style=\"color: #000000;\">Wir empfehlen in den Ansteh-Bereichen und im Kassenbereich trotzdem einen Mund-Nasenschutz zu tragen. (Keine FFP2 Pflicht, da alle Bereiche im Freien sind.)<\/span><\/p>\n<p>\u00a0<\/p>\n<h3><span style=\"color: #000000;\">Was kann ich als Mund-Nasenschutz verwenden?<\/span><\/h3>\n<p><span style=\"color: #000000;\">Nach derzeitigem Wissensstand sind neben den bekannten Mund-Nasenschutz-Masken auch Multifunktionst\u00fccher, Buffs, Bandanas, Skimasken usw. m\u00f6glich. Der Mund und die Nase m\u00fcssen jedoch immer komplett bedeckt sein!<\/span><\/p>\n<p>\u00a0<\/p>\n<h3><span style=\"color: #000000;\">Muss auf der Piste auch ein Mund-Nasenschutz getragen werden?<\/span><\/h3>\n<p><span style=\"color: #000000;\">Auf den Pisten ist ein Mund-Nasenschutz nicht erforderlich.<\/span><\/p>\n<p>\u00a0<\/p>\n<h3><span style=\"color: #000000;\">Wo gibt es im Skigebiet Desinfektionsm\u00f6glichkeiten?<\/span><\/h3>\n<p><span style=\"color: #000000;\">Desinfektionsm\u00f6glichkeiten sind in den Toilettenanlagen sowie an den Kassen gegeben.<\/span><\/p>\n<p>\u00a0<\/p>\n<h3><span style=\"color: #000000;\">Wo muss der Mindestabstand eingehalten werden?<\/span><\/h3>\n<p><span style=\"color: #000000;\">Grunds\u00e4tzlich ist \u00fcberall darauf zu achten, den gesetzlich vorgegebenen Mindestabstand einzuhalten. Die Ansteh-Bereiche werden wir unabh\u00e4ngig von den aktuellen rechtlichen Vorgaben technisch so organisieren, dass eng zusammenstehende Personengruppen m\u00f6glichst vermieden werden. <\/span><em><span style=\"color: #000000;\">(Wir versuchen unsere Ansteh-Bereiche entsprechend zu gestalten um die Mindestabst\u00e4nde auch einhalten zu k\u00f6nnen.)<\/span><\/em><\/p>\n<p>\u00a0<\/p>\n<h3><span style=\"color: #000000;\">Wie werden die Mitarbeiter \u00fcber die Corona-Ma\u00dfnahmen geschult bzw. instruiert?<\/span><\/h3>\n<p><span style=\"color: #000000;\">Die Mitarbeiter der Hochlecken Skilifte GmbH werden nach einheitlichen Richtlinien und Regelungen \u00fcber die Corona Sicherheitsma\u00dfnahmen eingeschult beziehungsweise unterwiesen. Den Aufforderungen des Betriebspersonals ist unbedingt Folge zu leisten um ein sicheres Skivergn\u00fcgen f\u00fcr die ganze Saison gew\u00e4hrleisten zu k\u00f6nnen.<\/span><\/p>\n<p>\u00a0<\/p>\n<h3><span style=\"color: #000000;\">Gibt es einen Corona-Verantwortlichen?<\/span><\/h3>\n<p><span style=\"color: #000000;\">Ja, auch wir haben einen Corona-Verantwortlichen Mitarbeiter, der f\u00fcr die Planung und Umsetzung der Ma\u00dfnahmen zust\u00e4ndig ist.<\/span><\/p>\n<p>\u00a0<\/p>\n<h3><span style=\"color: #000000;\">Welche Ma\u00dfnahmen m\u00fcssen die Mitarbeiter einhalten, die in direktem Kundenkontakt stehen?<\/span><\/h3>\n<p><span style=\"color: #000000;\">Jene Mitarbeiter, die in direktem Kundenkontakt stehen, tragen entweder einen Mund-Nasenschutz oder sind durch geeignete Schutzma\u00dfnahmen r\u00e4umlich vom Gast getrennt (z.B. Plexiglasscheiben). Zus\u00e4tzlich werden unsere Mitarbeiter regelm\u00e4\u00dfig getestet.<\/span><\/p>\n<p>\u00a0<\/p>\n<h3><span style=\"color: #000000;\">Welche Corona-Bestimmungen gelten f\u00fcr Seilbahnen jeglicher Art?<\/span><\/h3>\n<p><span style=\"color: #000000;\">Alle Seilbahnen und Schlepplifte sind \u00f6ffentliche Verkehrsmittel und unterliegen den selben Bestimmungen. <\/span><\/p>\n<p><span style=\"background-color: #ffff00;\"><a class=\"b-btn-l\" style=\"background-color: #ffff00;\" href=\"https:\/\/www.wko.at\/branchen\/transport-verkehr\/seilbahnen\/sicher-am-berg-massnahmen.pdf\" target=\"_blank\" rel=\"noopener\"><span class=\"b-btn-t\">www.wko.at\/branchen\/transport-verkehr\/seilbahnen\/sicher-am-berg-massnahmen.pdf<\/span><\/a><\/span><\/p>\n<p><a href=\"http:\/\/www.wko.at\/branchen\/transport-verkehr\/seilbahnen\/sicher-am-berg-massnahmen.pdf\"><img loading=\"lazy\" decoding=\"async\" class=\"aligncenter wp-image-3065\" src=\"https:\/\/ski-hartkirchen.com\/wp-content\/uploads\/2022\/01\/Button_Sign.png\" alt=\"\" width=\"500\" height=\"500\" srcset=\"\/wp-content\/uploads\/2022\/01\/Button_Sign.png 700w, \/wp-content\/uploads\/2022\/01\/Button_Sign-300x300.png 300w, \/wp-content\/uploads\/2022\/01\/Button_Sign-150x150.png 150w\" sizes=\"auto, (max-width: 500px) 100vw, 500px\" \/><\/a><\/p>\n<h3><span style=\"color: #000000;\">Contact Tracing App<\/span><\/h3>\n<p><span style=\"color: #000000;\">Mit der Contact Tracing APP &#8222;STOPP CORONA&#8220; des \u00d6sterreichischen Roten Kreuzes hilfst du dabei die Ausbreitung des Coronavirus zu bek\u00e4mpfen &#8211; es wird empfohlen diese zu verwenden.<\/span><\/p>\n<p><span style=\"background-color: #ffff00;\"><a class=\"b-btn-l\" style=\"background-color: #ffff00;\" href=\"https:\/\/www.stopp-corona.at\/\" target=\"_blank\" rel=\"noopener\"><span class=\"b-btn-t\">www.stopp-corona.at<\/span><\/a><\/span><\/p>\n<p>\u00a0<\/p>\n<h3><span style=\"color: #000000;\">WICHTIG!<\/span><\/h3>\n<p><span style=\"color: #000000;\">Die Inhalte dieser Seite wurden nach derzeitigem Wissensstand und nach bestem Wissen und Gewissen ausgearbeitet. <br \/>Allen Inhalten sind \u00c4nderungen vorbehalten. Die Verordnungen des Bundes gelten als gesetzliche Grundlage. Informationen und Unterlagen bez\u00fcglich der Ma\u00dfnahmen zu &#8222;Sicher am Berg&#8220; wurden von der Wirtschaftskammer \u00d6sterreich &#8211; Fachverband der Seilbahnen &#8211; bezogen.<\/span><\/p>\n<p>\u00a0<\/p>\n<p>\u00a0<\/p>\n\n\n\n<hr class=\"wp-block-separator\"\/>\n\n\n<h3><span style=\"color: #000000;\">PISTENSTATUS<\/span><\/h3>\n\n\n<div class=\"wp-block-columns is-layout-flex wp-container-core-columns-is-layout-9d6595d7 wp-block-columns-is-layout-flex\">\n<div class=\"wp-block-column is-layout-flow wp-block-column-is-layout-flow\">\n<p><strong><span style=\"color:#000000\" class=\"tadv-color\">KINDERHANG<\/span><\/strong><\/p>\n\n\n\n<p><em><span style=\"color:#000000\" class=\"tadv-color\">Geschlossen<\/span><\/em><\/p>\n<\/div>\n\n\n\n<div class=\"wp-block-column is-layout-flow wp-block-column-is-layout-flow\">\n<p><strong><span style=\"color:#000000\" class=\"tadv-color\">LANGWIESABFAHRT<\/span><\/strong><\/p>\n\n\n\n<p><em><span style=\"color:#000000\" class=\"tadv-color\">Geschlossen<\/span><\/em><\/p>\n\n\n<\/div>\n\n\n\n<div class=\"wp-block-column is-layout-flow wp-block-column-is-layout-flow\">\n<p><strong><span style=\"color:#000000\" class=\"tadv-color\">PISTE MOSES<\/span><\/strong><\/p>\n\n\n\n<p><em><span style=\"color:#000000\" class=\"tadv-color\">Geschlossen<\/span><\/em><\/p>\n\n\n<\/div>\n<\/div>\n\n\n\n<hr class=\"wp-block-separator\"\/>\n","protected":false},"excerpt":{"rendered":"<p>Es gilt ausnahmslos eine 2G-Pflicht f\u00fcr die Bef\u00f6rderung mit einem Schlepplift oder einer Seilbahn zu touristischen Zwecken.<br \/>\nDer 2G-Nachweis wird beim Ticketverkauf kontrolliert!<\/p>\n","protected":false},"author":1,"featured_media":0,"parent":16,"menu_order":0,"comment_status":"closed","ping_status":"closed","template":"","meta":{"footnotes":""},"class_list":["post-3064","page","type-page","status-publish","hentry"],"_links":{"self":[{"href":"https:\/\/ski-hartkirchen.com\/index.php?rest_route=\/wp\/v2\/pages\/3064","targetHints":{"allow":["GET"]}}],"collection":[{"href":"https:\/\/ski-hartkirchen.com\/index.php?rest_route=\/wp\/v2\/pages"}],"about":[{"href":"https:\/\/ski-hartkirchen.com\/index.php?rest_route=\/wp\/v2\/types\/page"}],"author":[{"embeddable":true,"href":"https:\/\/ski-hartkirchen.com\/index.php?rest_route=\/wp\/v2\/users\/1"}],"replies":[{"embeddable":true,"href":"https:\/\/ski-hartkirchen.com\/index.php?rest_route=%2Fwp%2Fv2%2Fcomments&post=3064"}],"version-history":[{"count":3,"href":"https:\/\/ski-hartkirchen.com\/index.php?rest_route=\/wp\/v2\/pages\/3064\/revisions"}],"predecessor-version":[{"id":3071,"href":"https:\/\/ski-hartkirchen.com\/index.php?rest_route=\/wp\/v2\/pages\/3064\/revisions\/3071"}],"up":[{"embeddable":true,"href":"https:\/\/ski-hartkirchen.com\/index.php?rest_route=\/wp\/v2\/pages\/16"}],"wp:attachment":[{"href":"https:\/\/ski-hartkirchen.com\/index.php?rest_route=%2Fwp%2Fv2%2Fmedia&parent=3064"}],"curies":[{"name":"wp","href":"https:\/\/api.w.org\/{rel}","templated":true}]}}