{"id":2242,"date":"2018-09-14T19:22:01","date_gmt":"2018-09-14T17:22:01","guid":{"rendered":"http:\/\/ski-hartkirchen.com\/?page_id=2242"},"modified":"2018-09-14T19:29:48","modified_gmt":"2018-09-14T17:29:48","slug":"datenschutzerklaerung","status":"publish","type":"page","link":"https:\/\/ski-hartkirchen.com\/?page_id=2242","title":{"rendered":"Datenschutzerkl\u00e4rung"},"content":{"rendered":"<h3>Information zur Verarbeitung personenbezogener Daten unserer Mitglieder<\/h3>\n<p>Ihre pers\u00f6nlichen Daten<br \/>\n<strong>Name, Geburtsdatum, Adresse, E-Mail, Telefonnummer<\/strong><br \/>\nwerden von uns zur Information \u00fcber die Vereinst\u00e4tigkeit und \u00fcber Angebote des Vereins, zur Nennung f\u00fcr Wettk\u00e4mpfe sowie f\u00fcr den Versand der Mitgliedskarte\u00a0verarbeitet.<\/p>\n<p>Mit dem Erwerb der \u00d6SV-Karte ist die Weitergabe der genannten Daten an den \u00d6sterreichischen Skiverband verbunden. Dies geschieht zum Zweck der Zusendung der Mitgliederzeitschrift und anderer Informationen des \u00d6SV, zur Zusendung der \u00d6SV-Karte, zur Nennung bei Wettk\u00e4mpfen in den \u00d6SV-Sportarten (Weitergabe der Daten an skizeit.at \/ HATTsolution), zur Best\u00e4tigung der Mitgliedschaft bei der Inanspruchnahme von Mitgliedervorteilen, zur Anmeldung zur kollektiven \u00d6SV Mitgliederversicherung (Weitergabe der Daten zur Anmeldung an die UNIQA Versicherungen AG und an KNOX Versicherungsmanagement GmbH) sowie f\u00fcr die Gew\u00e4hrung von Rabatten auf Eintrittskarten (Weitergabe der Daten an die \u00d6SV Firmen Austria Ski WM und Gro\u00dfveranstaltungs GmbH, Austria Ski Veranstaltungs GmbH sowie Austria Ski Nordic Veranstaltungs GmbH). Eine Weitergabe an Dritte erfolgt dar\u00fcber hinaus nicht.<br \/>\nDie Rechtsgrundlagen f\u00fcr die Verarbeitung der Daten sind die Einwilligung der betroffenen Person gem\u00e4\u00df Art 6 Abs 1 lit a DSGVO und die Erf\u00fcllung eines Vertrags gem\u00e4\u00df Art 6 Abs 1 lit b DSGVO.<\/p>\n<p>Die oben genannten Daten werden bis zum Wegfall der Rechtsgrundlage gespeichert. Diese Einwilligung kann schriftlich unter der obigen Adresse oder E-Mail-Adresse widerrufen werden (Art.7 Abs.3 DSGVO). Auf das Auskunftsrecht (Art.15 DSGVO), Berichtigungsrecht (Art.16 DSGVO) und L\u00f6schungsrecht (Art.17 DSGVO) sowie das Recht auf Einschr\u00e4nkung der Verarbeitung (Art.18 DSGVO) und das Recht auf Daten\u00fcbertragbarkeit (Art.20 DSGVO) sowie das Beschwerderecht an die \u00f6sterreichische Datenschutzbeh\u00f6rde bzw. die nationale Aufsichtsbeh\u00f6rde Ihres Aufenthaltsstaates nach der Datenschutz-Grundverordnung (Art 77 DSGVO) wird hingewiesen.<\/p>\n<p>Eine deutschsprachige Fassung der DSGVO finden Sie zu Ihrer Kenntnisnahme unter folgendem Link:<br \/>\n<a href=\"http:\/\/eur-lex.europa.eu\/legal-content\/DE\/TXT\/PDF\/?uri=CELEX:32016R0679&amp;from=DE\">http:\/\/eur-lex.europa.eu\/legal-content\/DE\/TXT\/PDF\/?uri=CELEX:32016R0679&amp;from=DE<\/a><\/p>\n<p>F\u00fcr n\u00e4here Informationen zur Verarbeitung von personenbezogenen Daten beachten Sie bitte die Datenschutzerkl\u00e4rung des \u00d6SV.<\/p>\n<p><a href=\"https:\/\/ski-hartkirchen.com\/wp-content\/uploads\/2018\/09\/Datenschutzerkla\u0308rung_O\u0308SV-1.doc\">Downloade hier die Datenschutzerkla\u0308rung des_O\u0308SV.<\/a><\/p>\n","protected":false},"excerpt":{"rendered":"<p>Information zur Verarbeitung personenbezogener Daten unserer Mitglieder Ihre pers\u00f6nlichen Daten Name, Geburtsdatum, Adresse, E-Mail, Telefonnummer werden von uns zur Information \u00fcber die Vereinst\u00e4tigkeit und \u00fcber Angebote des Vereins, zur Nennung &#8230;<\/p>\n","protected":false},"author":1,"featured_media":0,"parent":0,"menu_order":0,"comment_status":"closed","ping_status":"closed","template":"","meta":{"footnotes":""},"class_list":["post-2242","page","type-page","status-publish","hentry"],"_links":{"self":[{"href":"https:\/\/ski-hartkirchen.com\/index.php?rest_route=\/wp\/v2\/pages\/2242","targetHints":{"allow":["GET"]}}],"collection":[{"href":"https:\/\/ski-hartkirchen.com\/index.php?rest_route=\/wp\/v2\/pages"}],"about":[{"href":"https:\/\/ski-hartkirchen.com\/index.php?rest_route=\/wp\/v2\/types\/page"}],"author":[{"embeddable":true,"href":"https:\/\/ski-hartkirchen.com\/index.php?rest_route=\/wp\/v2\/users\/1"}],"replies":[{"embeddable":true,"href":"https:\/\/ski-hartkirchen.com\/index.php?rest_route=%2Fwp%2Fv2%2Fcomments&post=2242"}],"version-history":[{"count":4,"href":"https:\/\/ski-hartkirchen.com\/index.php?rest_route=\/wp\/v2\/pages\/2242\/revisions"}],"predecessor-version":[{"id":2248,"href":"https:\/\/ski-hartkirchen.com\/index.php?rest_route=\/wp\/v2\/pages\/2242\/revisions\/2248"}],"wp:attachment":[{"href":"https:\/\/ski-hartkirchen.com\/index.php?rest_route=%2Fwp%2Fv2%2Fmedia&parent=2242"}],"curies":[{"name":"wp","href":"https:\/\/api.w.org\/{rel}","templated":true}]}}