{"id":1990,"date":"2017-09-15T20:28:11","date_gmt":"2017-09-15T18:28:11","guid":{"rendered":"http:\/\/ski-hartkirchen.com\/?page_id=1990"},"modified":"2025-10-17T15:20:30","modified_gmt":"2025-10-17T13:20:30","slug":"skibasar","status":"publish","type":"page","link":"https:\/\/ski-hartkirchen.com\/?page_id=1990","title":{"rendered":"Skibasar"},"content":{"rendered":"<p><span style=\"color: #000000;\">Am Samstag, 22. November 2025 &#8211; <\/span><span style=\"color: #000000;\">9.00 bis 15.00 Uhr<\/span><br \/><span style=\"color: #000000;\">Schaunburgsaal der Landesmusikschule Hartkirchen.<\/span><\/p>\n<div class=\"page\" title=\"Page 11\">\n<div class=\"layoutArea\">\n<div class=\"column\">\n<p><span style=\"color: #000000;\"><strong>Warenannahme<br \/><\/strong>Freitag, 21. November 2025 von 13.00 bis 18.00 Uhr<\/span><\/p>\n<p><span style=\"color: #000000;\"><strong>Auszahlung und Warenr\u00fcckgabe<\/strong><\/span><br \/><span style=\"color: #000000;\">Samstag, 22. November 2025, ab 14.30 bis 17.00 Uhr<\/span><\/p>\n<p><span style=\"color: #000000;\">Die Warenannahme kann nur am Freitag erfolgen, wobei die Verkaufspreise vom Kunden selbst festgelegt werden. Der Schiclub \u00fcbt nur beratende Funkion aus. <\/span><span style=\"color: #000000;\">F\u00fcr verkaufte Artikel werden vom Schiclub 15% des Verkaufspreises einbehalten. F\u00fcr nicht verkaufte Ware ist eine Lagergeb\u00fchr von \u20ac 1,20 zu entrichten.<\/span><\/p>\n<p><span style=\"color: #000000;\">Beim Infostand kannst du dich \u00fcber alle Aktivit\u00e4ten wie Kurse, die Rennsportgruppe, den Schistall und \u00fcber den Schilift Brandtner informieren.<\/span><\/p>\n<\/div>\n<p><span style=\"color: #000000;\"><strong>Spende dein Material<br \/><\/strong><span class=\"a_GcMg font-feature-liga-off font-feature-clig-off font-feature-calt-off text-decoration-none text-strikethrough-none\">Wenn du Sachen abgeben m\u00f6chtest und der Erl\u00f6s an unseren Schiclub gespendet werden soll, kannst du das Material gerne schon am Donnerstag 20. November 2025 ab 18:00 in die Musikschule bringen.<br \/><\/span><span class=\"a_GcMg font-feature-liga-off font-feature-clig-off font-feature-calt-off text-decoration-none text-strikethrough-none\">Vorteil &#8211; Kein Anstellen, keine Wartezeit!<\/span><\/span><\/p>\n<div class=\"column\">\n<p><strong><span style=\"color: #000000;\">Waren, welche bis Samstag \u2013 17.00 Uhr nicht abgeholt worden sind, werden einem caritativen Zweck zugef\u00fchrt.<\/span><\/strong><\/p>\n<\/div>\n<\/div>\n<\/div>\n\n\n<figure class=\"wp-block-image size-full\"><a href=\"\/wp-content\/uploads\/2025\/10\/Skibasar-2025-Plakat-Homepage.png\" data-rel=\"lightbox-image-0\" data-rl_title=\"\" data-rl_caption=\"\" title=\"\"><img loading=\"lazy\" decoding=\"async\" width=\"1587\" height=\"2245\" src=\"\/wp-content\/uploads\/2025\/10\/Skibasar-2025-Plakat-Homepage.png\" alt=\"\" class=\"wp-image-3611\" srcset=\"\/wp-content\/uploads\/2025\/10\/Skibasar-2025-Plakat-Homepage.png 1587w, \/wp-content\/uploads\/2025\/10\/Skibasar-2025-Plakat-Homepage-212x300.png 212w, \/wp-content\/uploads\/2025\/10\/Skibasar-2025-Plakat-Homepage-724x1024.png 724w, \/wp-content\/uploads\/2025\/10\/Skibasar-2025-Plakat-Homepage-768x1086.png 768w, \/wp-content\/uploads\/2025\/10\/Skibasar-2025-Plakat-Homepage-1086x1536.png 1086w, \/wp-content\/uploads\/2025\/10\/Skibasar-2025-Plakat-Homepage-1448x2048.png 1448w\" sizes=\"auto, (max-width: 1587px) 100vw, 1587px\" \/><\/a><\/figure>\n\n\n\n\n","protected":false},"excerpt":{"rendered":"<p>Am Samstag, 22. November 2025 &#8211; 9.00 bis 15.00 UhrSchaunburgsaal der Landesmusikschule Hartkirchen. WarenannahmeFreitag, 21. November 2025 von 13.00 bis 18.00 Uhr Auszahlung und Warenr\u00fcckgabeSamstag, 22. November 2025, ab 14.30 &#8230;<\/p>\n","protected":false},"author":1,"featured_media":0,"parent":1975,"menu_order":0,"comment_status":"closed","ping_status":"closed","template":"","meta":{"footnotes":""},"class_list":["post-1990","page","type-page","status-publish","hentry"],"_links":{"self":[{"href":"https:\/\/ski-hartkirchen.com\/index.php?rest_route=\/wp\/v2\/pages\/1990","targetHints":{"allow":["GET"]}}],"collection":[{"href":"https:\/\/ski-hartkirchen.com\/index.php?rest_route=\/wp\/v2\/pages"}],"about":[{"href":"https:\/\/ski-hartkirchen.com\/index.php?rest_route=\/wp\/v2\/types\/page"}],"author":[{"embeddable":true,"href":"https:\/\/ski-hartkirchen.com\/index.php?rest_route=\/wp\/v2\/users\/1"}],"replies":[{"embeddable":true,"href":"https:\/\/ski-hartkirchen.com\/index.php?rest_route=%2Fwp%2Fv2%2Fcomments&post=1990"}],"version-history":[{"count":18,"href":"https:\/\/ski-hartkirchen.com\/index.php?rest_route=\/wp\/v2\/pages\/1990\/revisions"}],"predecessor-version":[{"id":3614,"href":"https:\/\/ski-hartkirchen.com\/index.php?rest_route=\/wp\/v2\/pages\/1990\/revisions\/3614"}],"up":[{"embeddable":true,"href":"https:\/\/ski-hartkirchen.com\/index.php?rest_route=\/wp\/v2\/pages\/1975"}],"wp:attachment":[{"href":"https:\/\/ski-hartkirchen.com\/index.php?rest_route=%2Fwp%2Fv2%2Fmedia&parent=1990"}],"curies":[{"name":"wp","href":"https:\/\/api.w.org\/{rel}","templated":true}]}}