{"id":16,"date":"2014-05-03T16:52:40","date_gmt":"2014-05-03T14:52:40","guid":{"rendered":"http:\/\/ski-hartkirchen.com\/?page_id=16"},"modified":"2025-10-17T21:45:25","modified_gmt":"2025-10-17T19:45:25","slug":"skiclub","status":"publish","type":"page","link":"https:\/\/ski-hartkirchen.com\/?page_id=16","title":{"rendered":"Skiclub"},"content":{"rendered":"<p><span style=\"color: #000000;\">Vorstand des SC Raika Hartkirchen:<\/span><\/p>\n<h3><span style=\"color: #000000;\">Funktion\u00e4re<\/span><\/h3>\n<table class=\"aligncenter\" style=\"height: 1040px; width: 100%; border-color: #ffffff; background-color: #ffffff; border-style: none;\">\n<tbody>\n<tr style=\"height: 50px;\">\n<td style=\"vertical-align: top; width: 50%; height: 50px;\"><span style=\"color: #000000;\">Obmann\u00a0<\/span><\/td>\n<td style=\"vertical-align: top; width: 50%;\"><span style=\"color: #000000;\">J\u00e4ger Gerald<\/span><\/td>\n<\/tr>\n<tr style=\"height: 50px;\">\n<td style=\"vertical-align: top; width: 50%; height: 50px;\"><span style=\"color: #000000;\">Obmann Stellvertreter\u00a0<\/span><\/td>\n<td style=\"vertical-align: top; width: 50%;\"><span style=\"color: #000000;\">Piermayr Adrian<\/span><\/td>\n<\/tr>\n<tr style=\"height: 50px;\">\n<td style=\"vertical-align: top; width: 50%; height: 50px;\"><span style=\"color: #000000;\"><span style=\"color: #000000;\">Obmann Stellvertreter<\/span><\/span><span style=\"color: #000000;\"><br \/>\n<\/span><\/td>\n<td style=\"vertical-align: top; width: 50%;\"><span style=\"color: #000000;\"><span style=\"color: #000000;\">Wieshofer Florian<\/span><\/span><\/td>\n<\/tr>\n<tr style=\"height: 50px;\">\n<td style=\"vertical-align: top; width: 50%; height: 50px;\"><span style=\"color: #000000;\">Kassier<br \/>\n<\/span><\/td>\n<td style=\"vertical-align: top; width: 50%;\"><span style=\"color: #000000;\">Piermayr Marcel<\/span><\/td>\n<\/tr>\n<tr style=\"height: 50px;\">\n<td style=\"vertical-align: top; width: 50%; height: 50px;\"><span style=\"color: #000000;\">Kassier Stellvertreter\u00a0<\/span><\/td>\n<td style=\"vertical-align: top; width: 50%;\"><span style=\"color: #000000;\">Jetschgo David\u00a0<\/span><\/td>\n<\/tr>\n<tr style=\"height: 50px;\">\n<td style=\"vertical-align: top; width: 50%; height: 50px;\"><span style=\"color: #000000;\">Schriftf\u00fchrerin<br \/>\n<\/span><\/td>\n<td style=\"vertical-align: top; width: 50%;\"><span style=\"color: #000000;\">J\u00e4ger Sabine<\/span><\/td>\n<\/tr>\n<tr style=\"height: 50px;\">\n<td style=\"vertical-align: top; width: 50%; height: 50px;\"><span style=\"color: #000000;\">Schriftf\u00fchrerin Stellvertreter\u00a0<\/span><\/td>\n<td style=\"vertical-align: top; width: 50%;\"><span style=\"color: #000000;\">Humer Johanna<\/span><\/td>\n<\/tr>\n<tr style=\"height: 50px;\">\n<td style=\"vertical-align: top; width: 50%; height: 50px;\"><span style=\"color: #000000;\">Sportwart\u00a0<\/span><\/td>\n<td style=\"vertical-align: top; width: 50%;\"><span style=\"color: #000000;\">Hehenberger Ulrich<\/span><\/td>\n<\/tr>\n<tr style=\"height: 50px;\">\n<td style=\"vertical-align: top; width: 50%; height: 50px;\"><span style=\"color: #000000;\"><span style=\"color: #000000;\">Sportwart Stellvertreter<\/span><\/span><\/td>\n<td style=\"vertical-align: top; width: 50%;\"><span style=\"color: #000000;\">J\u00e4ger Lukas<\/span><\/td>\n<\/tr>\n<tr style=\"height: 50px;\">\n<td style=\"vertical-align: top; width: 50%; height: 50px;\"><span style=\"color: #000000;\">1. Instruktor\u00a0<\/span><\/td>\n<td style=\"vertical-align: top; width: 50%;\"><span style=\"color: #000000;\">Lindenberger Jan<\/span><\/td>\n<\/tr>\n<tr style=\"height: 50px;\">\n<td style=\"vertical-align: top; width: 50%; height: 50px;\"><span style=\"color: #000000;\">Instruktor Stellvertreter\u00a0<\/span><\/td>\n<td style=\"vertical-align: top; width: 50%;\"><span style=\"color: #000000;\">Zach Alexander<\/span><\/td>\n<\/tr>\n<tr style=\"height: 50px;\">\n<td style=\"vertical-align: top; width: 50%; height: 50px;\"><span style=\"color: #000000;\">1. Kampfrichter\u00a0<\/span><\/td>\n<td style=\"vertical-align: top; width: 50%;\"><span style=\"color: #000000;\">Lindenberger David<\/span><\/td>\n<\/tr>\n<tr style=\"height: 50px;\">\n<td style=\"vertical-align: top; width: 50%; height: 50px;\"><span style=\"color: #000000;\">Zeugwart\u00a0<\/span><\/td>\n<td style=\"vertical-align: top; width: 50%;\"><span style=\"color: #000000;\">Allerstorfer Florian<\/span><\/td>\n<\/tr>\n<tr style=\"height: 50px;\">\n<td style=\"vertical-align: top; width: 50%; height: 50px;\"><span style=\"color: #000000;\">Skistall<\/span><\/td>\n<td style=\"vertical-align: top; width: 50%;\"><span style=\"color: #000000;\">Haudum Bernhard<\/span><\/td>\n<\/tr>\n<tr style=\"height: 50px;\">\n<td style=\"vertical-align: top; width: 50%; height: 50px;\"><span style=\"color: #000000;\">Gesch\u00e4ftsf\u00fchrer Lift\u00a0<\/span><\/td>\n<td style=\"vertical-align: top; width: 50%;\"><span style=\"color: #000000;\">Neissl Peter\u00a0<\/span><\/td>\n<\/tr>\n<\/tbody>\n<\/table>\n","protected":false},"excerpt":{"rendered":"<p>Vorstand des SC Raika Hartkirchen: Funktion\u00e4re Obmann\u00a0 J\u00e4ger Gerald Obmann Stellvertreter\u00a0 Piermayr Adrian Obmann Stellvertreter Wieshofer Florian Kassier Piermayr Marcel Kassier Stellvertreter\u00a0 Jetschgo David\u00a0 Schriftf\u00fchrerin J\u00e4ger Sabine Schriftf\u00fchrerin Stellvertreter\u00a0 Humer &#8230;<\/p>\n","protected":false},"author":1,"featured_media":0,"parent":0,"menu_order":0,"comment_status":"closed","ping_status":"closed","template":"","meta":{"footnotes":""},"class_list":["post-16","page","type-page","status-publish","hentry"],"_links":{"self":[{"href":"https:\/\/ski-hartkirchen.com\/index.php?rest_route=\/wp\/v2\/pages\/16","targetHints":{"allow":["GET"]}}],"collection":[{"href":"https:\/\/ski-hartkirchen.com\/index.php?rest_route=\/wp\/v2\/pages"}],"about":[{"href":"https:\/\/ski-hartkirchen.com\/index.php?rest_route=\/wp\/v2\/types\/page"}],"author":[{"embeddable":true,"href":"https:\/\/ski-hartkirchen.com\/index.php?rest_route=\/wp\/v2\/users\/1"}],"replies":[{"embeddable":true,"href":"https:\/\/ski-hartkirchen.com\/index.php?rest_route=%2Fwp%2Fv2%2Fcomments&post=16"}],"version-history":[{"count":24,"href":"https:\/\/ski-hartkirchen.com\/index.php?rest_route=\/wp\/v2\/pages\/16\/revisions"}],"predecessor-version":[{"id":3638,"href":"https:\/\/ski-hartkirchen.com\/index.php?rest_route=\/wp\/v2\/pages\/16\/revisions\/3638"}],"wp:attachment":[{"href":"https:\/\/ski-hartkirchen.com\/index.php?rest_route=%2Fwp%2Fv2%2Fmedia&parent=16"}],"curies":[{"name":"wp","href":"https:\/\/api.w.org\/{rel}","templated":true}]}}